{"id":5055,"date":"2022-06-20T20:24:12","date_gmt":"2022-06-20T20:24:12","guid":{"rendered":"https:\/\/15.204.128.19\/?post_type=product&#038;p=5055"},"modified":"2022-06-20T20:24:26","modified_gmt":"2022-06-20T20:24:26","slug":"reloj-orient-star-renacimiento-mecanico-retro-future-guitar-ra-ar0303g","status":"publish","type":"product","link":"https:\/\/companiatransistmica.com\/?product=reloj-orient-star-renacimiento-mecanico-retro-future-guitar-ra-ar0303g","title":{"rendered":"Reloj Orient Star Renacimiento mec\u00e1nico &#8211; Retro  Future  Guitar &#8211; RA-AR0303G"},"content":{"rendered":"<ul>\n<li>Colecci\u00f3n Revival<\/li>\n<li>Tama\u00f1o de la caja (3H-9H): 48,4 mm<\/li>\n<li>Caja de acero inoxidable<\/li>\n<li>Resistencia al agua: 5 bar (50 m)<\/li>\n<li>Edici\u00f3n limitada de 400 piezas, grabado del n\u00famero de serie.<\/li>\n<\/ul>\n","protected":false},"excerpt":{"rendered":"<p>Colecci\u00f3n Revival Tama\u00f1o de la caja (3H-9H): 48,4 mm Caja de acero inoxidable Resistencia al agua: 5 bar (50 m) Edici\u00f3n limitada de 400 piezas, grabado del n\u00famero de serie.<\/p>\n","protected":false},"featured_media":5115,"template":"","meta":[],"product_cat":[98,99],"product_tag":[],"class_list":{"0":"post-5055","1":"product","2":"type-product","3":"status-publish","4":"has-post-thumbnail","6":"product_cat-orient","7":"product_cat-orient-star","9":"first","10":"instock","11":"featured","12":"shipping-taxable","13":"product-type-simple"},"_links":{"self":[{"href":"https:\/\/companiatransistmica.com\/index.php?rest_route=\/wp\/v2\/product\/5055","targetHints":{"allow":["GET"]}}],"collection":[{"href":"https:\/\/companiatransistmica.com\/index.php?rest_route=\/wp\/v2\/product"}],"about":[{"href":"https:\/\/companiatransistmica.com\/index.php?rest_route=\/wp\/v2\/types\/product"}],"wp:featuredmedia":[{"embeddable":true,"href":"https:\/\/companiatransistmica.com\/index.php?rest_route=\/wp\/v2\/media\/5115"}],"wp:attachment":[{"href":"https:\/\/companiatransistmica.com\/index.php?rest_route=%2Fwp%2Fv2%2Fmedia&parent=5055"}],"wp:term":[{"taxonomy":"product_cat","embeddable":true,"href":"https:\/\/companiatransistmica.com\/index.php?rest_route=%2Fwp%2Fv2%2Fproduct_cat&post=5055"},{"taxonomy":"product_tag","embeddable":true,"href":"https:\/\/companiatransistmica.com\/index.php?rest_route=%2Fwp%2Fv2%2Fproduct_tag&post=5055"}],"curies":[{"name":"wp","href":"https:\/\/api.w.org\/{rel}","templated":true}]}}