{"id":5051,"date":"2022-06-20T20:24:11","date_gmt":"2022-06-20T20:24:11","guid":{"rendered":"https:\/\/15.204.128.19\/?post_type=product&#038;p=5051"},"modified":"2022-06-20T20:24:23","modified_gmt":"2022-06-20T20:24:23","slug":"reloj-orient-star-renacimiento-mecanico-ra-ar0204g","status":"publish","type":"product","link":"https:\/\/companiatransistmica.com\/?product=reloj-orient-star-renacimiento-mecanico-ra-ar0204g","title":{"rendered":"Reloj Orient Star Renacimiento Mec\u00e1nico RA-AR0204G"},"content":{"rendered":"<ul>\n<li>Tama\u00f1o de la Caja (3H-9H): 40,8 mm<\/li>\n<li>Correa de cuero<\/li>\n<li>Caja de acero inoxidable<\/li>\n<li>Resistencia al agua: 50 m<\/li>\n<li>Edici\u00f3n limitada de 2.300 piezas, grabado del n\u00famero de serie<\/li>\n<\/ul>\n","protected":false},"excerpt":{"rendered":"<p>Tama\u00f1o de la Caja (3H-9H): 40,8 mm Correa de cuero Caja de acero inoxidable Resistencia al agua: 50 m Edici\u00f3n limitada de 2.300 piezas, grabado del n\u00famero de serie<\/p>\n","protected":false},"featured_media":5099,"template":"","meta":[],"product_cat":[98,99,97],"product_tag":[],"class_list":{"0":"post-5051","1":"product","2":"type-product","3":"status-publish","4":"has-post-thumbnail","6":"product_cat-orient","7":"product_cat-orient-star","8":"product_cat-relojes","10":"first","11":"instock","12":"featured","13":"purchasable","14":"product-type-simple"},"_links":{"self":[{"href":"https:\/\/companiatransistmica.com\/index.php?rest_route=\/wp\/v2\/product\/5051","targetHints":{"allow":["GET"]}}],"collection":[{"href":"https:\/\/companiatransistmica.com\/index.php?rest_route=\/wp\/v2\/product"}],"about":[{"href":"https:\/\/companiatransistmica.com\/index.php?rest_route=\/wp\/v2\/types\/product"}],"wp:featuredmedia":[{"embeddable":true,"href":"https:\/\/companiatransistmica.com\/index.php?rest_route=\/wp\/v2\/media\/5099"}],"wp:attachment":[{"href":"https:\/\/companiatransistmica.com\/index.php?rest_route=%2Fwp%2Fv2%2Fmedia&parent=5051"}],"wp:term":[{"taxonomy":"product_cat","embeddable":true,"href":"https:\/\/companiatransistmica.com\/index.php?rest_route=%2Fwp%2Fv2%2Fproduct_cat&post=5051"},{"taxonomy":"product_tag","embeddable":true,"href":"https:\/\/companiatransistmica.com\/index.php?rest_route=%2Fwp%2Fv2%2Fproduct_tag&post=5051"}],"curies":[{"name":"wp","href":"https:\/\/api.w.org\/{rel}","templated":true}]}}