{"id":5036,"date":"2022-06-20T20:24:06","date_gmt":"2022-06-20T20:24:06","guid":{"rendered":"https:\/\/15.204.128.19\/?post_type=product&#038;p=5036"},"modified":"2022-06-20T20:24:14","modified_gmt":"2022-06-20T20:24:14","slug":"reloj-orient-star-renacimiento-mecanico-ra-aa0d04g","status":"publish","type":"product","link":"https:\/\/companiatransistmica.com\/?product=reloj-orient-star-renacimiento-mecanico-ra-aa0d04g","title":{"rendered":"Reloj Orient Star Renacimiento Mec\u00e1nico RA-AA0D04G"},"content":{"rendered":"<ul>\n<li>Tama\u00f1o de la Caja (3H-9H): 43,8 mm<\/li>\n<li>Correa de cuero<\/li>\n<li>Caja de acero inoxidable<\/li>\n<li>Resistencia al Agua 200m<\/li>\n<li>No es un reloj de buceo est\u00e1ndar ISO<\/li>\n<li><span><span>Edici\u00f3n limitada de 2.700 piezas, grabado del n\u00famero de serie<\/span><\/span><\/li>\n<\/ul>\n","protected":false},"excerpt":{"rendered":"<p>Tama\u00f1o de la Caja (3H-9H): 43,8 mm Correa de cuero Caja de acero inoxidable Resistencia al Agua 200m No es un reloj de buceo est\u00e1ndar ISO Edici\u00f3n limitada de 2.700 piezas, grabado del n\u00famero de serie<\/p>\n","protected":false},"featured_media":5062,"template":"","meta":[],"product_cat":[98,99,97],"product_tag":[],"class_list":{"0":"post-5036","1":"product","2":"type-product","3":"status-publish","4":"has-post-thumbnail","6":"product_cat-orient","7":"product_cat-orient-star","8":"product_cat-relojes","10":"first","11":"instock","12":"featured","13":"purchasable","14":"product-type-simple"},"_links":{"self":[{"href":"https:\/\/companiatransistmica.com\/index.php?rest_route=\/wp\/v2\/product\/5036","targetHints":{"allow":["GET"]}}],"collection":[{"href":"https:\/\/companiatransistmica.com\/index.php?rest_route=\/wp\/v2\/product"}],"about":[{"href":"https:\/\/companiatransistmica.com\/index.php?rest_route=\/wp\/v2\/types\/product"}],"wp:featuredmedia":[{"embeddable":true,"href":"https:\/\/companiatransistmica.com\/index.php?rest_route=\/wp\/v2\/media\/5062"}],"wp:attachment":[{"href":"https:\/\/companiatransistmica.com\/index.php?rest_route=%2Fwp%2Fv2%2Fmedia&parent=5036"}],"wp:term":[{"taxonomy":"product_cat","embeddable":true,"href":"https:\/\/companiatransistmica.com\/index.php?rest_route=%2Fwp%2Fv2%2Fproduct_cat&post=5036"},{"taxonomy":"product_tag","embeddable":true,"href":"https:\/\/companiatransistmica.com\/index.php?rest_route=%2Fwp%2Fv2%2Fproduct_tag&post=5036"}],"curies":[{"name":"wp","href":"https:\/\/api.w.org\/{rel}","templated":true}]}}