{"id":73,"date":"2016-06-14T06:15:58","date_gmt":"2016-06-14T06:15:58","guid":{"rendered":"http:\/\/sw-themes.com\/porto_dummy\/?page_id=73"},"modified":"2022-07-06T02:32:19","modified_gmt":"2022-07-06T02:32:19","slug":"contact-us","status":"publish","type":"page","link":"https:\/\/companiatransistmica.com\/?page_id=73","title":{"rendered":"Cont\u00e1ctenos"},"content":{"rendered":"<p>[vc_row full_width=\u00bbstretch_row_content_no_spaces\u00bb][vc_column]<div id='wrap_map_69f39a0b20369' class='porto-map-wrapper porto-adjust-bottom-margin ' style='height:400px;'><div id='map_69f39a0b20369' data-map_override='0' class='porto_google_map wpb_content_element ' style='width:100%;height:400px;'><\/div><\/div><script>\n(function($) {\n\t'use strict';\n\tjQuery(document).ready(function($) {\n\t\tif (typeof google == 'undefined') {\n\t\t\treturn;\n\t\t}\n\t\tvar map_map_69f39a0b20369 = null;\n\t\tvar coordinate_map_69f39a0b20369;\n\t\ttry {\n\t\t\tcoordinate_map_69f39a0b20369=new google.maps.LatLng(9.35395, -79.891306);\n\t\t\tvar isDraggable = $(document).width() > 640 ? true : true;\n\t\t\tvar mapOptions = {\n\t\t\t\tzoom: 17,\n\t\t\t\tcenter: coordinate_map_69f39a0b20369,\n\t\t\t\tscaleControl: true,\n\t\t\t\tstreetViewControl: true,\n\t\t\t\tmapTypeControl: true,\n\t\t\t\tpanControl: true,\n\t\t\t\tzoomControl: true,\n\t\t\t\tscrollwheel: false,\n\t\t\t\tdraggable: isDraggable,\n\t\t\t\tzoomControlOptions: {\n\t\t\t\t\tposition: google.maps.ControlPosition.RIGHT_BOTTOM\n\t\t\t\t},mapTypeId: google.maps.MapTypeId.ROADMAP,};var map_map_69f39a0b20369 = new google.maps.Map(document.getElementById('map_69f39a0b20369'),mapOptions);\n\t\t\t\t\tvar x = 'off';\n\t\t\t\t\tvar marker_map_69f39a0b20369 = new google.maps.Marker({\n\t\t\t\t\tposition: new google.maps.LatLng(9.35395, -79.891306),\n\t\t\t\t\tanimation:  google.maps.Animation.DROP,\n\t\t\t\t\tmap: map_map_69f39a0b20369,\n\t\t\t\t\ticon: 'https:\/\/companiatransistmica.com\/wp-content\/uploads\/2016\/06\/pin.png'\n\t\t\t\t});\n\t\t\t\tgoogle.maps.event.addListener(marker_map_69f39a0b20369, 'click', toggleBounce);var infowindow = new google.maps.InfoWindow();\n\t\t\t\t\t\tinfowindow.setContent('<div class=\"map_info_text\" style=\\'color:#000;\\'><strong>Compa\u00f1\u00eda Trans\u00edstmica<\/strong><\/div>');infowindow.open(map_map_69f39a0b20369,marker_map_69f39a0b20369);google.maps.event.addListener(marker_map_69f39a0b20369, 'click', function() {\n\t\t\t\t\t\t\tinfowindow.open(map_map_69f39a0b20369,marker_map_69f39a0b20369);\n\t\t\t\t\t\t});}\n\t\tcatch(e){};\n\t\tgoogle.maps.event.trigger(map_map_69f39a0b20369, 'resize');\n\t\t$(window).on('resize', function(){\n\t\t\tgoogle.maps.event.trigger(map_map_69f39a0b20369, 'resize');\n\t\t\tif(map_map_69f39a0b20369!=null) {\n\t\t\t\tmap_map_69f39a0b20369.setCenter(coordinate_map_69f39a0b20369);\n\t\t\t}\n\t\t});\n\t\t$('.ui-tabs').on('tabsactivate', function(event, ui) {\n\t\t   if($(this).find('.porto-map-wrapper').length > 0)\n\t\t\t{\n\t\t\t\tsetTimeout(function(){\n\t\t\t\t\t$(window).trigger('resize');\n\t\t\t\t},200);\n\t\t\t}\n\t\t});\n\t\t$('.ui-accordion').on('accordionactivate', function(event, ui) {\n\t\t\tif($(this).find('.porto-map-wrapper').length > 0) {\n\t\t\t\tsetTimeout(function(){\n\t\t\t\t\t$(window).trigger('resize');\n\t\t\t\t},200);\n\t\t\t}\n\t\t});\n\t\t$(document).on('onPortoModalPopupOpen', function(){\n\t\t\tif($(map_map_69f39a0b20369).parents('.porto_modal-content')) {\n\t\t\t\tsetTimeout(function(){\n\t\t\t\t\t$(window).trigger('resize');\n\t\t\t\t},200);\n\t\t\t}\n\t\t});\n\t\tfunction toggleBounce() {\n\t\t\tif (marker_map_69f39a0b20369.getAnimation() != null) {\n\t\t\t\tmarker_map_69f39a0b20369.setAnimation(null);\n\t\t\t} else {\n\t\t\t\tmarker_map_69f39a0b20369.setAnimation(google.maps.Animation.BOUNCE);\n\t\t\t}\n\t\t}\n\t});\n\n\t$(window).on('load', function() {\n\t\tsetTimeout(function() {\n\t\t\t$(window).trigger('resize');\n\t\t},200);\n\t});\n})(jQuery);\n<\/script>[\/vc_column][\/vc_row][vc_row wrap_container=\u00bbyes\u00bb el_class=\u00bbm-b-xl\u00bb][vc_column width=\u00bb1\/2&#8243;]<div role=\"form\" class=\"wpcf7\" id=\"wpcf7-f74-o1\" lang=\"en-US\" dir=\"ltr\">\n<div class=\"screen-reader-response\"><p role=\"status\" aria-live=\"polite\" aria-atomic=\"true\"><\/p> <ul><\/ul><\/div>\n<form action=\"\/index.php?rest_route=%2Fwp%2Fv2%2Fpages%2F73#wpcf7-f74-o1\" method=\"post\" class=\"wpcf7-form init\" novalidate=\"novalidate\" data-status=\"init\">\n<div style=\"display: none;\">\n<input type=\"hidden\" name=\"_wpcf7\" value=\"74\" \/>\n<input type=\"hidden\" name=\"_wpcf7_version\" value=\"5.5.6\" \/>\n<input type=\"hidden\" name=\"_wpcf7_locale\" value=\"en_US\" \/>\n<input type=\"hidden\" name=\"_wpcf7_unit_tag\" value=\"wpcf7-f74-o1\" \/>\n<input type=\"hidden\" name=\"_wpcf7_container_post\" value=\"0\" \/>\n<input type=\"hidden\" name=\"_wpcf7_posted_data_hash\" value=\"\" \/>\n<\/div>\n<h2 class=\"short\"><strong>Cont\u00e1ctenos<\/strong><\/h2>\n<div class=\"row\">\n<div class=\"col-lg-6\">\n<div class=\"form-group\">\n            <label for=\"contact-name\">Nombre *<\/label><br \/>\n            <span class=\"wpcf7-form-control-wrap your-name\"><input type=\"text\" name=\"your-name\" value=\"\" size=\"40\" class=\"wpcf7-form-control wpcf7-text wpcf7-validates-as-required form-control\" id=\"contact-name\" aria-required=\"true\" aria-invalid=\"false\" \/><\/span>\n        <\/div>\n<\/div>\n<div class=\"col-lg-6\">\n<div class=\"form-group\">\n            <label for=\"contact-tel\">Tel\u00e9fono *<\/label><br \/>\n            <span class=\"wpcf7-form-control-wrap telefono\"><input type=\"tel\" name=\"telefono\" value=\"\" size=\"40\" class=\"wpcf7-form-control wpcf7-text wpcf7-tel wpcf7-validates-as-required wpcf7-validates-as-tel form-control\" id=\"contact-tel\" aria-required=\"true\" aria-invalid=\"false\" \/><\/span>\n        <\/div>\n<\/div>\n<div class=\"col-lg-12\">\n<div class=\"form-group\">\n            <label for=\"contact-email\">Correo electr\u00f3nico *<\/label><br \/>\n            <span class=\"wpcf7-form-control-wrap your-email\"><input type=\"email\" name=\"your-email\" value=\"\" size=\"40\" class=\"wpcf7-form-control wpcf7-text wpcf7-email wpcf7-validates-as-required wpcf7-validates-as-email form-control\" id=\"contact-email\" aria-required=\"true\" aria-invalid=\"false\" \/><\/span>\n        <\/div>\n<\/div>\n<div class=\"col-lg-12\">\n<div class=\"form-group\">\n            <label for=\"contact-subject\">Asunto<\/label><br \/>\n            <span class=\"wpcf7-form-control-wrap your-subject\"><input type=\"text\" name=\"your-subject\" value=\"\" size=\"40\" class=\"wpcf7-form-control wpcf7-text form-control\" id=\"contact-subject\" aria-invalid=\"false\" \/><\/span>\n        <\/div>\n<\/div>\n<div class=\"col-lg-12\">\n<div class=\"form-group\">\n            <label for=\"contact-message\">Mensaje<\/label><br \/>\n            <span class=\"wpcf7-form-control-wrap your-message\"><textarea name=\"your-message\" cols=\"40\" rows=\"10\" class=\"wpcf7-form-control wpcf7-textarea form-control\" id=\"contact-message\" aria-invalid=\"false\"><\/textarea><\/span>\n        <\/div>\n<\/div>\n<div class=\"col-lg-12\">\n<div class=\"form-group\">\n            <input type=\"submit\" value=\"Enviar\" class=\"wpcf7-form-control has-spinner wpcf7-submit btn btn-primary btn-lg\" \/>\n        <\/div>\n<\/div>\n<\/div>\n<div class=\"wpcf7-response-output\" aria-hidden=\"true\"><\/div><\/form><\/div>[\/vc_column][vc_column width=\u00bb1\/2&#8243;][vc_custom_heading text=\u00bbMantente en <strong>contacto<\/strong>\u00bb font_container=\u00bbtag:h4|text_align:left\u00bb use_theme_fonts=\u00bbyes\u00bb skin=\u00bbprimary\u00bb el_class=\u00bbm-t\u00bb][vc_separator color=\u00bbcustom\u00bb gradient=\u00bbyes\u00bb]<div class=\"porto-sicon-box  wpb_custom_1efe903570d178ff0a9b7bfa5febd3a4 style_1 default-icon\"><div class=\"porto-sicon-default\"><div class=\"porto-just-icon-wrapper porto-icon circle\" style=\"color:#ffffff;background:#0088cc;font-size:14px;\"><i class=\"fas fa-map-marker-alt\"><\/i><\/div><\/div><div class=\"porto-sicon-header\"><h3 class=\"porto-sicon-title\" style=\"font-size:14px;color:#777777;\"><strong>Direccion:<\/strong> Paseo Gorgas, Col\u00f3n, Panam\u00e1<\/h3><\/div> <!-- header --><\/div><!-- porto-sicon-box --><div class=\"porto-sicon-box  wpb_custom_1efe903570d178ff0a9b7bfa5febd3a4 style_1 default-icon\"><div class=\"porto-sicon-default\"><div class=\"porto-just-icon-wrapper porto-icon circle\" style=\"color:#ffffff;background:#0088cc;font-size:14px;\"><i class=\"fas fa-phone\"><\/i><\/div><\/div><div class=\"porto-sicon-header\"><h3 class=\"porto-sicon-title\" style=\"font-size:14px;color:#777777;\"><strong>Telefono:<\/strong> 474-5844 \/ 474-5845<\/h3><\/div> <!-- header --><\/div><!-- porto-sicon-box --><div class=\"porto-sicon-box  wpb_custom_1efe903570d178ff0a9b7bfa5febd3a4 style_1 default-icon\"><div class=\"porto-sicon-default\"><div class=\"porto-just-icon-wrapper porto-icon circle\" style=\"color:#ffffff;background:#0088cc;font-size:14px;\"><i class=\"fas fa-envelope\"><\/i><\/div><\/div><div class=\"porto-sicon-header\"><h3 class=\"porto-sicon-title\" style=\"font-size:14px;color:#777777;\"><strong>Email:<\/strong> ventas@companiatrasistmica.com<\/h3><\/div> <!-- header --><\/div><!-- porto-sicon-box -->[vc_separator color=\u00bbcustom\u00bb gradient=\u00bbyes\u00bb][\/vc_column][\/vc_row]<\/p>\n","protected":false},"excerpt":{"rendered":"<p>[vc_row full_width=\u00bbstretch_row_content_no_spaces\u00bb][vc_column][\/vc_column][\/vc_row][vc_row wrap_container=\u00bbyes\u00bb el_class=\u00bbm-b-xl\u00bb][vc_column width=\u00bb1\/2&#8243;][\/vc_column][vc_column width=\u00bb1\/2&#8243;][vc_custom_heading text=\u00bbMantente en contacto\u00bb font_container=\u00bbtag:h4|text_align:left\u00bb use_theme_fonts=\u00bbyes\u00bb skin=\u00bbprimary\u00bb el_class=\u00bbm-t\u00bb][vc_separator color=\u00bbcustom\u00bb gradient=\u00bbyes\u00bb][vc_separator color=\u00bbcustom\u00bb gradient=\u00bbyes\u00bb][\/vc_column][\/vc_row]<\/p>\n","protected":false},"author":1,"featured_media":0,"parent":0,"menu_order":0,"comment_status":"closed","ping_status":"closed","template":"","meta":{"footnotes":""},"class_list":["post-73","page","type-page","status-publish","hentry"],"_links":{"self":[{"href":"https:\/\/companiatransistmica.com\/index.php?rest_route=\/wp\/v2\/pages\/73","targetHints":{"allow":["GET"]}}],"collection":[{"href":"https:\/\/companiatransistmica.com\/index.php?rest_route=\/wp\/v2\/pages"}],"about":[{"href":"https:\/\/companiatransistmica.com\/index.php?rest_route=\/wp\/v2\/types\/page"}],"author":[{"embeddable":true,"href":"https:\/\/companiatransistmica.com\/index.php?rest_route=\/wp\/v2\/users\/1"}],"replies":[{"embeddable":true,"href":"https:\/\/companiatransistmica.com\/index.php?rest_route=%2Fwp%2Fv2%2Fcomments&post=73"}],"version-history":[{"count":5,"href":"https:\/\/companiatransistmica.com\/index.php?rest_route=\/wp\/v2\/pages\/73\/revisions"}],"predecessor-version":[{"id":9952,"href":"https:\/\/companiatransistmica.com\/index.php?rest_route=\/wp\/v2\/pages\/73\/revisions\/9952"}],"wp:attachment":[{"href":"https:\/\/companiatransistmica.com\/index.php?rest_route=%2Fwp%2Fv2%2Fmedia&parent=73"}],"curies":[{"name":"wp","href":"https:\/\/api.w.org\/{rel}","templated":true}]}}