{"id":55,"date":"2016-06-13T15:48:45","date_gmt":"2016-06-13T15:48:45","guid":{"rendered":"http:\/\/sw-themes.com\/porto_dummy\/?page_id=55"},"modified":"2022-06-20T22:12:37","modified_gmt":"2022-06-20T22:12:37","slug":"about-us","status":"publish","type":"page","link":"https:\/\/companiatransistmica.com\/?page_id=55","title":{"rendered":"Nuestra Empresa"},"content":{"rendered":"<p>[vc_row css=\u00bb.vc_custom_1650411670534{padding-top: 10px !important;padding-right: 10px !important;padding-bottom: 10px !important;padding-left: 10px !important;background-color: #efefef !important;}\u00bb][vc_column width=\u00bb1\/2&#8243;][vc_column_text]<\/p>\n<h1>QUIENES SOMOS<\/h1>\n<p>Compa\u00f1\u00eda Trans\u00edstmica, S.A., ubicada en la Zona Libre de Col\u00f3n, Republica de Panam\u00e1, esta empresa tiene una exitosa historia comercial con nuestros clientes y proveedores.<\/p>\n<p>Desde el inicio y hasta hoy, somos reconocidos como pioneros en la representaci\u00f3n y distribuci\u00f3n de la prestigiosa marca de relojes Orient, hechos en Jap\u00f3n. Dando confiabilidad a nuestros clientes, apoyando su crecimiento como empresas.[\/vc_column_text][\/vc_column][vc_column width=\u00bb1\/2&#8243;][vc_single_image image=\u00bb3591&#8243; img_size=\u00bbfull\u00bb label=\u00bb\u00bb][\/vc_column][\/vc_row][vc_row css=\u00bb.vc_custom_1650949992081{margin-top: 20px !important;margin-bottom: 20px !important;padding-top: 10px !important;padding-right: 10px !important;padding-bottom: 10px !important;padding-left: 10px !important;background-color: #efefef !important;}\u00bb][vc_column width=\u00bb1\/2&#8243;][vc_single_image image=\u00bb3595&#8243; img_size=\u00bbfull\u00bb label=\u00bb\u00bb][\/vc_column][vc_column width=\u00bb1\/2&#8243;][vc_column_text]<\/p>\n<h1>NUESTRA MISI\u00d3N<\/h1>\n<p>Representar \u00e9ticamente la gesti\u00f3n de negocio de nuestras marcas, llevando a nuestros clientes soluciones comerciales ajustadas a sus realidades y oportunidades de crecimiento.<\/p>\n<p>Ser los proveedores de confianza de nuestros clientes en toda Latinoam\u00e9rica, manteniendo constante comunicaci\u00f3n y brind\u00e1ndoles atenciones y asesor\u00edas eficientes en sus negocios.<\/p>\n<p>Garantizar a nuestros proveedores que somos los socios de negocios correctos para confiar sus l\u00edneas de productos y marcas para representaci\u00f3n en nuestros mercados.[\/vc_column_text][\/vc_column][\/vc_row][vc_row css=\u00bb.vc_custom_1650411670534{padding-top: 10px !important;padding-right: 10px !important;padding-bottom: 10px !important;padding-left: 10px !important;background-color: #efefef !important;}\u00bb][vc_column width=\u00bb1\/2&#8243;][vc_column_text]<\/p>\n<h1>NUESTRA VISI\u00d3N<\/h1>\n<p>Optimizar al menor costo posible la operaci\u00f3n de negocios para mejorar rentabilidad y margen de ganancia de cada uno de nuestros clientes.<\/p>\n<p>Mantenernos vigentes y en constante evoluci\u00f3n para que el modelo de negocio sea apropiado a cada mercado y sus nuevas tendencias.[\/vc_column_text][\/vc_column][vc_column width=\u00bb1\/2&#8243;][vc_single_image image=\u00bb3593&#8243; img_size=\u00bbfull\u00bb][\/vc_column][\/vc_row]<\/p>\n","protected":false},"excerpt":{"rendered":"<p>[vc_row css=\u00bb.vc_custom_1650411670534{padding-top: 10px !important;padding-right: 10px !important;padding-bottom: 10px !important;padding-left: 10px !important;background-color: #efefef !important;}\u00bb][vc_column width=\u00bb1\/2&#8243;][vc_column_text] QUIENES SOMOS Compa\u00f1\u00eda Trans\u00edstmica, S.A., ubicada en la Zona Libre de Col\u00f3n, Republica de Panam\u00e1, esta empresa tiene una exitosa historia comercial con nuestros clientes y proveedores. Desde el inicio y hasta hoy, somos reconocidos como pioneros en la representaci\u00f3n y distribuci\u00f3n [&hellip;]<\/p>\n","protected":false},"author":1,"featured_media":0,"parent":0,"menu_order":0,"comment_status":"closed","ping_status":"closed","template":"","meta":{"footnotes":""},"class_list":["post-55","page","type-page","status-publish","hentry"],"_links":{"self":[{"href":"https:\/\/companiatransistmica.com\/index.php?rest_route=\/wp\/v2\/pages\/55","targetHints":{"allow":["GET"]}}],"collection":[{"href":"https:\/\/companiatransistmica.com\/index.php?rest_route=\/wp\/v2\/pages"}],"about":[{"href":"https:\/\/companiatransistmica.com\/index.php?rest_route=\/wp\/v2\/types\/page"}],"author":[{"embeddable":true,"href":"https:\/\/companiatransistmica.com\/index.php?rest_route=\/wp\/v2\/users\/1"}],"replies":[{"embeddable":true,"href":"https:\/\/companiatransistmica.com\/index.php?rest_route=%2Fwp%2Fv2%2Fcomments&post=55"}],"version-history":[{"count":7,"href":"https:\/\/companiatransistmica.com\/index.php?rest_route=\/wp\/v2\/pages\/55\/revisions"}],"predecessor-version":[{"id":9933,"href":"https:\/\/companiatransistmica.com\/index.php?rest_route=\/wp\/v2\/pages\/55\/revisions\/9933"}],"wp:attachment":[{"href":"https:\/\/companiatransistmica.com\/index.php?rest_route=%2Fwp%2Fv2%2Fmedia&parent=55"}],"curies":[{"name":"wp","href":"https:\/\/api.w.org\/{rel}","templated":true}]}}